{"id":362,"date":"2025-05-23T11:38:18","date_gmt":"2025-05-23T14:38:18","guid":{"rendered":"https:\/\/clinicapopularpoa.com\/?post_type=product&#038;p=362"},"modified":"2025-10-22T14:20:28","modified_gmt":"2025-10-22T17:20:28","slug":"pate-special-dog-ultralife-adultos-sabor-frango","status":"publish","type":"product","link":"https:\/\/clinicapopularpoa.com\/?product=pate-special-dog-ultralife-adultos-sabor-frango","title":{"rendered":"PAT\u00ca SPECIAL DOG ULTRALIFE ADULTOS SABOR FRANGO"},"content":{"rendered":"<p><img loading=\"lazy\" decoding=\"async\" class=\"alignnone size-medium wp-image-363\" src=\"http:\/\/clinicapopularpoa.com\/wp-content\/uploads\/2025\/05\/pate-special-dog-ultralife-adultos-sabor-frango-n0t3c-20250423120925-271x300.png\" alt=\"\" width=\"271\" height=\"300\" srcset=\"https:\/\/clinicapopularpoa.com\/wp-content\/uploads\/2025\/05\/pate-special-dog-ultralife-adultos-sabor-frango-n0t3c-20250423120925-271x300.png 271w, https:\/\/clinicapopularpoa.com\/wp-content\/uploads\/2025\/05\/pate-special-dog-ultralife-adultos-sabor-frango-n0t3c-20250423120925.png 560w\" sizes=\"auto, (max-width: 271px) 100vw, 271px\" \/><\/p>\n<div class=\"text-uppercase mb-4 rounded py-3 px-3 l-geral\">\n<div class=\"d-flex text-center l-box-texto mb-1\">\n<div class=\"font12 mb-0 flex-fill py-1 px-2 mr-1\">ELABORADO POR VETERIN\u00c1RIOS<\/div>\n<div class=\"font12 mb-0 flex-fill py-1 px-2 mr-1\">SEM CORANTES E AROMATIZANTES ARTIFICIAIS<\/div>\n<\/div>\n<div class=\"d-flex text-center l-box-texto mb-1\">\n<div class=\"font12 mb-0 flex-fill py-1 px-2\">DISPON\u00cdVEL EM EMBALAGENS DE:\u00a0150 g<\/div>\n<\/div>\n<div class=\"d-flex text-center l-box-texto\">\n<div class=\"font12 mb-0 d-flex flex-fill py-1 px-3 justify-content-between\">\n<p class=\"mb-0\">\u00damido | Premium Especial<\/p>\n<\/div>\n<\/div>\n<\/div>\n<div class=\"pl-3 d-flex flex-column l-legenda mb-4\">\n<div class=\"d-flex l-items-legenda mb-3\">\n<div><img decoding=\"async\" class=\"img-fluid\" src=\"https:\/\/www.specialdog.com.br\/assets\/uploads\/produtos\/beneficios\/af12b9a83d2515703ab410394778f183.svg\" alt=\"\u00d4MEGAS 3, 6 E ZINCO\" width=\"45\" \/>\u00a0<span class=\"fontsite-bold2 d-block\">\u00d4MEGAS 3, 6 E ZINCO<\/span>PELE PROTEGIDA E PELOS MAIS BONITOS<\/div>\n<\/div>\n<div class=\"d-flex l-items-legenda mb-3\">\n<div><img decoding=\"async\" class=\"img-fluid\" src=\"https:\/\/www.specialdog.com.br\/assets\/uploads\/produtos\/beneficios\/condroitina-glicosamina-us3l9-20230809141947.svg\" alt=\"CONDROITINA + GLICOSAMINA\" width=\"45\" \/>\u00a0<span class=\"fontsite-bold2 d-block\">CONDROITINA + GLICOSAMINA<\/span>MANUTEN\u00c7\u00c3O DAS FUN\u00c7\u00d5ES ARTICULARES<\/div>\n<\/div>\n<div class=\"d-flex l-items-legenda mb-3\">\n<div><img decoding=\"async\" class=\"img-fluid\" src=\"https:\/\/www.specialdog.com.br\/assets\/uploads\/produtos\/beneficios\/zero-543b4-20250423095923.svg\" alt=\"ZERO\" width=\"45\" \/>\u00a0<span class=\"fontsite-bold2 d-block\">ZERO<\/span>TRANSG\u00caNICOS, CORANTES E AROMATIZANTES ARTIFICIAIS<\/div>\n<\/div>\n<\/div>\n","protected":false},"excerpt":{"rendered":"<div class=\"l-group-btns text-uppercase text-center d-flex align-items-center mb-4\">\n<div id=\"link-composicao\" class=\"active rounded-top-10 rounded-top flex-fill mr-1 py-2 lh13\"><b>COMPOSI\u00c7\u00c3O B\u00c1SICA<\/b><\/div>\n<div id=\"link-garantia\" class=\"rounded-top-10 rounded-top flex-fill py-2 lh13\"><\/div>\n<\/div>\n<div class=\"cinza descricao-boxes mb-4\">\n<div id=\"descricao-composicao\">\n<div class=\"font14 text-justify\">\n<p>Peito de frango, f\u00edgado de su\u00edno, rim de su\u00edno, plasma sangu\u00edneo desidratado de su\u00edno, gelatina, farinha de batata doce, fibra de cana-de-a\u00e7\u00facar, farinha de trigo, dextrose, prote\u00edna isolada de soja, prote\u00edna texturizada de soja, \u00f3leo de aves, biomassa de microalgas desidratada (Schizochytrium sp.), extrato de Yucca schidigera, subproduto da extra\u00e7\u00e3o da L-cistina, sulfato de glicosamina (0,05%), sulfato de condroitina (0,03%), cloreto de s\u00f3dio, cloreto de pot\u00e1ssio, carbonato de c\u00e1lcio, ze\u00f3lita, \u00e1gua, glicina, cloridrato de L-ciste\u00edna monohidratado, vitaminas (B1, B2, B3, B5, B6, B7, B9, B12, C, D3, E, K3, cloreto de colina), iodato de c\u00e1lcio, cobre amino\u00e1cido quelato, ferro amino\u00e1cido quelato, mangan\u00eas amino\u00e1cido quelato, zinco amino\u00e1cido quelato, goma guar, goma xantana, tripolifosfato de s\u00f3dio.<\/p>\n<p>EVENTUAIS SUBSTITUTIVOS: Carne mecanicamente separada de aves, mi\u00fados de aves, plasma sangu\u00edneo desidratado de bovino, gl\u00faten de trigo, carragena.<\/p>\n<\/div>\n<div class=\"l-group-btns text-uppercase text-center d-flex align-items-center mb-4\">\n<div id=\"link-enriquecimento\" class=\"rounded-top-10 rounded-top flex-fill mr-1 py-2 lh13 active\"><b>ENRIQUECIMENTO POR KG <\/b><b><\/b><\/div>\n<\/div>\n<div class=\"cinza descricao-boxes mb-4\">\n<div id=\"descricao-enriquecimento\">\n<div class=\"font14 text-justify\">\n<p>Vitamina D3 130 UI, vitamina E 20 UI, vitamina K3 1,8 mg, vitamina B1 12,5 mg, vitamina B2 5 mg, vitamina B6 5 mg, vitamina B12 25 \u03bcg, vitamina C 300 mg, vitamina B3 10 mg, colina 480 mg, vitamina B5 6,84 mg, vitamina B9 0,5 mg, vitamina B7 0,05 mg, iodo 0,9 mg, cobre 0,36 mg, ferro 3,17 mg, mangan\u00eas 0,79 mg, zinco 4,32 mg.<\/p>\n<div class=\"l-group-btns text-uppercase text-center d-flex align-items-center mb-4\">\n<div id=\"link-garantia\" class=\"rounded-top-10 rounded-top flex-fill py-2 lh13\"><b>N\u00cdVEIS DEGARANTIA<\/b><\/div>\n<\/div>\n<div class=\"cinza descricao-boxes mb-4\">\n<div id=\"descricao-enriquecimento\">\n<div class=\"font14 text-justify\">\n<p>Vitamina D3 130 UI, vitamina E 20 UI, vitamina K3 1,8 mg, vitamina B1 12,5 mg, vitamina B2 5 mg, vitamina B6 5 mg, vitamina B12 25 \u03bcg, vitamina C 300 mg, vitamina B3 10 mg, colina 480 mg, vitamina B5 6,84 mg, vitamina B9 0,5 mg, vitamina B7 0,05 mg, iodo 0,9 mg, cobre 0,36 mg, ferro 3,17 mg, mangan\u00eas 0,79 mg, zinco 4,32 mg.<\/p>\n<\/div>\n<\/div>\n<\/div>\n<\/div>\n<\/div>\n<\/div>\n<\/div>\n<\/div>\n","protected":false},"featured_media":363,"comment_status":"open","ping_status":"closed","template":"","meta":[],"product_brand":[],"product_cat":[47],"product_tag":[],"class_list":{"0":"post-362","1":"product","2":"type-product","3":"status-publish","4":"has-post-thumbnail","6":"product_cat-pate-para-caes","8":"first","9":"instock","10":"taxable","11":"shipping-taxable","12":"purchasable","13":"product-type-simple"},"_links":{"self":[{"href":"https:\/\/clinicapopularpoa.com\/index.php?rest_route=\/wp\/v2\/product\/362","targetHints":{"allow":["GET"]}}],"collection":[{"href":"https:\/\/clinicapopularpoa.com\/index.php?rest_route=\/wp\/v2\/product"}],"about":[{"href":"https:\/\/clinicapopularpoa.com\/index.php?rest_route=\/wp\/v2\/types\/product"}],"replies":[{"embeddable":true,"href":"https:\/\/clinicapopularpoa.com\/index.php?rest_route=%2Fwp%2Fv2%2Fcomments&post=362"}],"wp:featuredmedia":[{"embeddable":true,"href":"https:\/\/clinicapopularpoa.com\/index.php?rest_route=\/wp\/v2\/media\/363"}],"wp:attachment":[{"href":"https:\/\/clinicapopularpoa.com\/index.php?rest_route=%2Fwp%2Fv2%2Fmedia&parent=362"}],"wp:term":[{"taxonomy":"product_brand","embeddable":true,"href":"https:\/\/clinicapopularpoa.com\/index.php?rest_route=%2Fwp%2Fv2%2Fproduct_brand&post=362"},{"taxonomy":"product_cat","embeddable":true,"href":"https:\/\/clinicapopularpoa.com\/index.php?rest_route=%2Fwp%2Fv2%2Fproduct_cat&post=362"},{"taxonomy":"product_tag","embeddable":true,"href":"https:\/\/clinicapopularpoa.com\/index.php?rest_route=%2Fwp%2Fv2%2Fproduct_tag&post=362"}],"curies":[{"name":"wp","href":"https:\/\/api.w.org\/{rel}","templated":true}]}}