{"id":371,"date":"2025-05-23T12:13:27","date_gmt":"2025-05-23T15:13:27","guid":{"rendered":"https:\/\/clinicapopularpoa.com\/?post_type=product&#038;p=371"},"modified":"2026-03-28T05:48:40","modified_gmt":"2026-03-28T08:48:40","slug":"racao-seca-premier-pet-golden-special-caes-adultos-frango-e-carne","status":"publish","type":"product","link":"https:\/\/clinicapopularpoa.com\/?product=racao-seca-premier-pet-golden-special-caes-adultos-frango-e-carne","title":{"rendered":"Ra\u00e7\u00e3o Seca PremieR Pet Golden Special C\u00e3es Adultos Frango e Carne"},"content":{"rendered":"<p><img loading=\"lazy\" decoding=\"async\" class=\"alignnone size-medium wp-image-372\" src=\"http:\/\/clinicapopularpoa.com\/wp-content\/uploads\/2025\/05\/Racao_Seca_PremieR_Pet_Golden_Special_Caes_Adultos_Frango_e_Carne_-_15_Kg_31014070-1_1-300x300.webp\" alt=\"\" width=\"300\" height=\"300\" srcset=\"https:\/\/clinicapopularpoa.com\/wp-content\/uploads\/2025\/05\/Racao_Seca_PremieR_Pet_Golden_Special_Caes_Adultos_Frango_e_Carne_-_15_Kg_31014070-1_1-300x300.webp 300w, https:\/\/clinicapopularpoa.com\/wp-content\/uploads\/2025\/05\/Racao_Seca_PremieR_Pet_Golden_Special_Caes_Adultos_Frango_e_Carne_-_15_Kg_31014070-1_1-100x100.webp 100w, https:\/\/clinicapopularpoa.com\/wp-content\/uploads\/2025\/05\/Racao_Seca_PremieR_Pet_Golden_Special_Caes_Adultos_Frango_e_Carne_-_15_Kg_31014070-1_1-150x150.webp 150w, https:\/\/clinicapopularpoa.com\/wp-content\/uploads\/2025\/05\/Racao_Seca_PremieR_Pet_Golden_Special_Caes_Adultos_Frango_e_Carne_-_15_Kg_31014070-1_1.webp 400w\" sizes=\"auto, (max-width: 300px) 100vw, 300px\" \/><span class=\"product__summary__info--title font-body color-neutral-dark\" data-v-2fffd98c=\"\">Resumo<\/span><\/p>\n<div class=\"product__summary__info--text font-body-s\" data-v-2fffd98c=\"\">\n<p class=\"mt-3 mb-6\" data-v-2fffd98c=\"\">&#8211; Blend de prote\u00ednas: oferece m\u00e1xima satisfa\u00e7\u00e3o para o paladares exigentes;<br \/>\n&#8211; Maior rendimento: produzida com ingredientes de alto aproveitamento;<br \/>\n&#8211; Sa\u00fade e vitalidade: alimento de alta qualidade, rico em vitaminas e minerais;<br \/>\n&#8211; Redu\u00e7\u00e3o do odor das fezes: sele\u00e7\u00e3o de ingredientes especiais que auxiliam na redu\u00e7\u00e3o do odor das fezes.<\/p>\n<p>&#8211; Este produto possui Satisfa\u00e7\u00e3o Garantida. Saiba mais abaixo na descri\u00e7\u00e3o.<\/p>\n<\/div>\n","protected":false},"excerpt":{"rendered":"<p><img loading=\"lazy\" decoding=\"async\" class=\"alignnone size-medium wp-image-373\" src=\"http:\/\/clinicapopularpoa.com\/wp-content\/uploads\/2025\/05\/Racao_Seca_PremieR_Pet_Golden_Special_Caes_Adultos_Frango_e_Carne_-_15_Kg_31014070-1_2-1-300x300.webp\" alt=\"\" width=\"300\" height=\"300\" srcset=\"https:\/\/clinicapopularpoa.com\/wp-content\/uploads\/2025\/05\/Racao_Seca_PremieR_Pet_Golden_Special_Caes_Adultos_Frango_e_Carne_-_15_Kg_31014070-1_2-1-300x300.webp 300w, https:\/\/clinicapopularpoa.com\/wp-content\/uploads\/2025\/05\/Racao_Seca_PremieR_Pet_Golden_Special_Caes_Adultos_Frango_e_Carne_-_15_Kg_31014070-1_2-1-100x100.webp 100w, https:\/\/clinicapopularpoa.com\/wp-content\/uploads\/2025\/05\/Racao_Seca_PremieR_Pet_Golden_Special_Caes_Adultos_Frango_e_Carne_-_15_Kg_31014070-1_2-1-150x150.webp 150w, https:\/\/clinicapopularpoa.com\/wp-content\/uploads\/2025\/05\/Racao_Seca_PremieR_Pet_Golden_Special_Caes_Adultos_Frango_e_Carne_-_15_Kg_31014070-1_2-1.webp 400w\" sizes=\"auto, (max-width: 300px) 100vw, 300px\" \/>A\u00a0<strong>Ra\u00e7\u00e3o Seca PremieR Pet\u00a0<a href=\"https:\/\/www.petlove.com.br\/golden\">Golden<\/a>\u00a0Special C\u00e3es Adultos Frango e Carne<\/strong>\u00a0\u00e9 formulada a partir dos mais modernos conceitos em nutri\u00e7\u00e3o. A ra\u00e7\u00e3o Seca PremieR Pet Golden Special C\u00e3es Adultos Frango e Carne \u00e9 um alimento completo e balanceado que proporciona aos c\u00e3es adultos o n\u00edvel ideal de todos os ingredientes que eles necessitam para uma vida longa e saud\u00e1vel. Golden Special utiliza somente prote\u00edna de origem animal, para c\u00e3es mais fortes e saud\u00e1veis, sendo indicado para c\u00e3es adultos de todas as ra\u00e7as.<\/p>\n<p>Solicita\u00e7\u00f5es referentes \u00e0 Garantia de Satisfa\u00e7\u00e3o devem ser encaminhadas diretamente para o fabricante por meio do PremieR Responde \u2013 Telefone 0800 055 66 66. Para mais informa\u00e7\u00f5es acesse: https:\/\/www.premierpet.com.br\/garantia-premierpet\/<\/p>\n<p>ndica\u00e7\u00e3o do produto Este produto \u00e9 indicado para c\u00e3es adultos em manuten\u00e7\u00e3o. Por se tratar de um alimento completo, balanceado e rico em nutrientes, n\u00e3o recomendamos nenhum tipo de suplementa\u00e7\u00e3o vitam\u00ednico-mineral.<\/p>\n","protected":false},"featured_media":372,"comment_status":"open","ping_status":"closed","template":"","meta":[],"product_brand":[],"product_cat":[46],"product_tag":[],"class_list":{"0":"post-371","1":"product","2":"type-product","3":"status-publish","4":"has-post-thumbnail","6":"product_cat-racao-seca-para-caes","8":"first","9":"instock","10":"taxable","11":"shipping-taxable","12":"purchasable","13":"product-type-simple"},"_links":{"self":[{"href":"https:\/\/clinicapopularpoa.com\/index.php?rest_route=\/wp\/v2\/product\/371","targetHints":{"allow":["GET"]}}],"collection":[{"href":"https:\/\/clinicapopularpoa.com\/index.php?rest_route=\/wp\/v2\/product"}],"about":[{"href":"https:\/\/clinicapopularpoa.com\/index.php?rest_route=\/wp\/v2\/types\/product"}],"replies":[{"embeddable":true,"href":"https:\/\/clinicapopularpoa.com\/index.php?rest_route=%2Fwp%2Fv2%2Fcomments&post=371"}],"wp:featuredmedia":[{"embeddable":true,"href":"https:\/\/clinicapopularpoa.com\/index.php?rest_route=\/wp\/v2\/media\/372"}],"wp:attachment":[{"href":"https:\/\/clinicapopularpoa.com\/index.php?rest_route=%2Fwp%2Fv2%2Fmedia&parent=371"}],"wp:term":[{"taxonomy":"product_brand","embeddable":true,"href":"https:\/\/clinicapopularpoa.com\/index.php?rest_route=%2Fwp%2Fv2%2Fproduct_brand&post=371"},{"taxonomy":"product_cat","embeddable":true,"href":"https:\/\/clinicapopularpoa.com\/index.php?rest_route=%2Fwp%2Fv2%2Fproduct_cat&post=371"},{"taxonomy":"product_tag","embeddable":true,"href":"https:\/\/clinicapopularpoa.com\/index.php?rest_route=%2Fwp%2Fv2%2Fproduct_tag&post=371"}],"curies":[{"name":"wp","href":"https:\/\/api.w.org\/{rel}","templated":true}]}}