{"id":401,"date":"2025-05-28T15:49:46","date_gmt":"2025-05-28T18:49:46","guid":{"rendered":"https:\/\/clinicapopularpoa.com\/?post_type=product&#038;p=401"},"modified":"2026-03-28T05:48:23","modified_gmt":"2026-03-28T08:48:23","slug":"bionatural-prime-gatos-adultos-salmao","status":"publish","type":"product","link":"https:\/\/clinicapopularpoa.com\/?product=bionatural-prime-gatos-adultos-salmao","title":{"rendered":"BIONATURAL PRIME GATOS ADULTOS SALM\u00c3O"},"content":{"rendered":"<p><img loading=\"lazy\" decoding=\"async\" class=\"alignnone size-medium wp-image-402\" src=\"http:\/\/clinicapopularpoa.com\/wp-content\/uploads\/2025\/05\/bionatural-prime-gatos-adultos-salmao-bg309-20240731174245-271x300.png\" alt=\"\" width=\"271\" height=\"300\" srcset=\"https:\/\/clinicapopularpoa.com\/wp-content\/uploads\/2025\/05\/bionatural-prime-gatos-adultos-salmao-bg309-20240731174245-271x300.png 271w, https:\/\/clinicapopularpoa.com\/wp-content\/uploads\/2025\/05\/bionatural-prime-gatos-adultos-salmao-bg309-20240731174245.png 560w\" sizes=\"auto, (max-width: 271px) 100vw, 271px\" \/><\/p>\n<div class=\"text-uppercase mb-4 rounded py-3 px-3 l-geral\">\n<div class=\"d-flex text-center l-box-texto mb-1\">\n<div class=\"font12 mb-0 flex-fill py-1 px-2 mr-1\">ELABORADO POR VETERIN\u00c1RIOS<\/div>\n<div class=\"font12 mb-0 flex-fill py-1 px-2 mr-1\">SEM CORANTES E AROMATIZANTES<\/div>\n<\/div>\n<div class=\"d-flex text-center l-box-texto mb-1\">\n<div class=\"font12 mb-0 flex-fill py-1 px-2\">DISPON\u00cdVEL EM EMBALAGENS DE:\u00a01,5kg, 7,5kg, 20kg<\/div>\n<\/div>\n<div class=\"d-flex text-center l-box-texto\">\n<div class=\"font12 mb-0 d-flex flex-fill py-1 px-3 justify-content-between\">\n<p class=\"mb-0\">Seco | Super Premium Natural<\/p>\n<\/div>\n<\/div>\n<\/div>\n<div class=\"pl-3 d-flex flex-column l-legenda mb-4\">\n<div class=\"d-flex l-items-legenda mb-3\">\n<div><img decoding=\"async\" class=\"img-fluid\" src=\"https:\/\/www.specialdog.com.br\/assets\/uploads\/produtos\/beneficios\/pelagem-brilhante-36kwf-20240801115749.png\" alt=\"PELAGEM BRILHANTE\" width=\"45\" \/><\/div>\n<div class=\"ml-3\"><span class=\"fontsite-bold2 d-block\">PELAGEM BRILHANTE<\/span>COMBINA\u00c7\u00c3O NOBRE DE \u00d4MEGA 3<\/div>\n<\/div>\n<div class=\"d-flex l-items-legenda mb-3\">\n<div><img decoding=\"async\" class=\"img-fluid\" src=\"https:\/\/www.specialdog.com.br\/assets\/uploads\/produtos\/beneficios\/trato-urinario-saudavel-gdlu4-20240801115821.png\" alt=\"TRATO URIN\u00c1RIO SAUD\u00c1VEL\" width=\"45\" \/><\/div>\n<div class=\"ml-3\"><span class=\"fontsite-bold2 d-block\">TRATO URIN\u00c1RIO SAUD\u00c1VEL<\/span>CONTROLE DO PH DA URINA<\/div>\n<\/div>\n<div class=\"d-flex l-items-legenda mb-3\">\n<div><img decoding=\"async\" class=\"img-fluid\" src=\"https:\/\/www.specialdog.com.br\/assets\/uploads\/produtos\/beneficios\/intestino-equilibrado-d61xs-20240801115839.png\" alt=\"INTESTINO EQUILIBRADO\" width=\"45\" \/><\/div>\n<div class=\"ml-3\"><span class=\"fontsite-bold2 d-block\">INTESTINO EQUILIBRADO<\/span>PREBI\u00d3TICOS E PROBI\u00d3TICOS<\/div>\n<\/div>\n<\/div>\n","protected":false},"excerpt":{"rendered":"<div class=\"l-group-btns text-uppercase text-center d-flex align-items-center mb-4\">\n<div id=\"link-composicao\" class=\"active rounded-top-10 rounded-top flex-fill mr-1 py-2 lh13\"><b>COMPOSI\u00c7\u00c3O <\/b><b>B\u00c1SICA<\/b><\/div>\n<div id=\"link-garantia\" class=\"rounded-top-10 rounded-top flex-fill py-2 lh13\"><\/div>\n<\/div>\n<div class=\"cinza descricao-boxes mb-4\">\n<div id=\"descricao-composicao\">\n<div class=\"font14 text-justify\">\n<p>Farinha de salm\u00e3o, carne fresca (m\u00edn. 3% &#8211; carne mecanicamente separada de frango e f\u00edgado de su\u00ednos), farinha de v\u00edsceras de aves, farinha de torresmo, ovo em p\u00f3, arroz quebrado, sorgo integral mo\u00eddo, \u00f4mega 3 [\u00f3leo de peixes e biomassa de microalgas (Schizochytrium sp.)], \u00f3leo de aves, aveia (m\u00edn. 3,95%), maracuj\u00e1 (m\u00edn. 0,015%), cranberry (m\u00edn. 0,015%), laranja, fibra de cana-de-a\u00e7\u00facar, levedura de cervejaria inativada desidratada, extrato de Yucca schidigera, aditivo prebi\u00f3tico (mananoligossacar\u00eddeos 0,006%), aditivos probi\u00f3ticos (Bifidobacterium lactis e Lacticaseibacillus rhamnosus), hidrolisado de f\u00edgado de su\u00ednos, hexametafosfato de s\u00f3dio, regulador de acidez, concentrado de tocoferol, extrato de alecrim, extrato de ch\u00e1 verde (Camellia sinensis), extrato de menta, hortel\u00e3 (Mentha spp.), DL-metionina, taurina, cloreto de s\u00f3dio, cloreto de pot\u00e1ssio, vitamina A, vitamina D3, vitamina E, vitamina K3, vitamina B1, vitamina B2, vitamina B6, vitamina B12, vitamina C, niacina, cloreto de colina, \u00e1cido pantot\u00eanico, \u00e1cido f\u00f3lico, biotina, iodato de c\u00e1lcio, proteinato de cobre, proteinato de ferro, proteinato de mangan\u00eas, proteinato de zinco, levedura enriquecida com sel\u00eanio, \u00e1cido propi\u00f4nico, parede celular de levedura.<\/p>\n<div class=\"l-group-btns text-uppercase text-center d-flex align-items-center mb-4\">\n<div id=\"link-enriquecimento\" class=\"rounded-top-10 rounded-top flex-fill mr-1 py-2 lh13 active\"><b>ENRIQUECIMENTO POR\u00a0<\/b><b>KG DO PRODUTO<\/b><\/div>\n<div id=\"link-garantia\" class=\"rounded-top-10 rounded-top flex-fill py-2 lh13\">Vitamina A 20.000 UI, vitamina D3 720 UI, vitamina E 160 UI, vitamina K3 2,4 mg, vitamina B1 10,6 mg, vitamina B2 8,8 mg, vitamina B6 12 mg, vitamina B12 140 \u03bcg, vitamina C 20 mg, niacina 108 mg, colina 2.520 mg, \u00e1cido pantot\u00eanico 28 mg, \u00e1cido f\u00f3lico 1,51 mg, biotina 0,2 mg, cobre 6 mg, ferro 40 mg, iodo 2,4 mg, mangan\u00eas 20 mg, sel\u00eanio 0,3 mg, zinco 90 mg.<\/div>\n<\/div>\n<div>\n<div class=\"l-group-btns text-uppercase text-center d-flex align-items-center mb-4\">\n<div id=\"link-garantia\" class=\"rounded-top-10 rounded-top flex-fill py-2 lh13 active\"><b>N\u00cdVEIS DEGARANTIA<\/b><\/div>\n<\/div>\n<div class=\"cinza descricao-boxes mb-4\">\n<div id=\"descricao-garantia\">\n<div class=\"font14 text-justify table-responsive\">\n<p>Umidade (m\u00e1x.) 100 g\/kg (10%), prote\u00edna bruta (m\u00edn.) 330 g\/kg (33%), extrato et\u00e9reo (m\u00edn.) 140 g\/kg (14%), mat\u00e9ria mineral (m\u00e1x.) 75 g\/kg (7,5%), mat\u00e9ria fibrosa (m\u00e1x.) 30 g\/kg (3%), c\u00e1lcio (m\u00e1x.) 15 g\/kg (1,5%), c\u00e1lcio (m\u00edn.) 8.000 mg\/kg (0,8%), f\u00f3sforo (m\u00edn.) 8.000 mg\/kg (0,8%), s\u00f3dio (m\u00edn.) 2.000 mg\/kg (0,2%), pot\u00e1ssio (m\u00edn.) 8.000 mg\/kg (0,8%), DL-metionina (m\u00edn.) 7.000 mg\/kg (0,7%), taurina (m\u00edn.) 1.300 mg\/kg (0,13%), DHA (m\u00edn.) 700 mg\/kg (0,07%), \u00f4mega 6 (m\u00edn.) 30 g\/kg (3%), \u00f4mega 3 (m\u00edn.) 3.200 mg\/kg (0,32%), pH urin\u00e1rio\u00a0 6,2 &#8211; 6,8, Bifidobacterium lactis\u00a0 1X10<sup>8<\/sup>\u00a0UFC\/kg, Lacticaseibacillus rhamnosus 1X10<sup>8<\/sup>\u00a0UFC\/kg, energia metaboliz\u00e1vel 3.938 kcal\/kg.<\/p>\n<p><img loading=\"lazy\" decoding=\"async\" class=\"alignnone size-medium wp-image-402\" src=\"http:\/\/clinicapopularpoa.com\/wp-content\/uploads\/2025\/05\/bionatural-prime-gatos-adultos-salmao-bg309-20240731174245-271x300.png\" alt=\"\" width=\"271\" height=\"300\" srcset=\"https:\/\/clinicapopularpoa.com\/wp-content\/uploads\/2025\/05\/bionatural-prime-gatos-adultos-salmao-bg309-20240731174245-271x300.png 271w, https:\/\/clinicapopularpoa.com\/wp-content\/uploads\/2025\/05\/bionatural-prime-gatos-adultos-salmao-bg309-20240731174245.png 560w\" sizes=\"auto, (max-width: 271px) 100vw, 271px\" \/><\/p>\n<\/div>\n<\/div>\n<\/div>\n<\/div>\n<\/div>\n<\/div>\n<\/div>\n","protected":false},"featured_media":402,"comment_status":"open","ping_status":"closed","template":"","meta":[],"product_brand":[53],"product_cat":[46],"product_tag":[],"class_list":{"0":"post-401","1":"product","2":"type-product","3":"status-publish","4":"has-post-thumbnail","6":"product_brand-bionatural","7":"product_cat-racao-seca-para-caes","9":"first","10":"instock","11":"taxable","12":"shipping-taxable","13":"purchasable","14":"product-type-simple"},"_links":{"self":[{"href":"https:\/\/clinicapopularpoa.com\/index.php?rest_route=\/wp\/v2\/product\/401","targetHints":{"allow":["GET"]}}],"collection":[{"href":"https:\/\/clinicapopularpoa.com\/index.php?rest_route=\/wp\/v2\/product"}],"about":[{"href":"https:\/\/clinicapopularpoa.com\/index.php?rest_route=\/wp\/v2\/types\/product"}],"replies":[{"embeddable":true,"href":"https:\/\/clinicapopularpoa.com\/index.php?rest_route=%2Fwp%2Fv2%2Fcomments&post=401"}],"wp:featuredmedia":[{"embeddable":true,"href":"https:\/\/clinicapopularpoa.com\/index.php?rest_route=\/wp\/v2\/media\/402"}],"wp:attachment":[{"href":"https:\/\/clinicapopularpoa.com\/index.php?rest_route=%2Fwp%2Fv2%2Fmedia&parent=401"}],"wp:term":[{"taxonomy":"product_brand","embeddable":true,"href":"https:\/\/clinicapopularpoa.com\/index.php?rest_route=%2Fwp%2Fv2%2Fproduct_brand&post=401"},{"taxonomy":"product_cat","embeddable":true,"href":"https:\/\/clinicapopularpoa.com\/index.php?rest_route=%2Fwp%2Fv2%2Fproduct_cat&post=401"},{"taxonomy":"product_tag","embeddable":true,"href":"https:\/\/clinicapopularpoa.com\/index.php?rest_route=%2Fwp%2Fv2%2Fproduct_tag&post=401"}],"curies":[{"name":"wp","href":"https:\/\/api.w.org\/{rel}","templated":true}]}}