{"id":145,"date":"2025-04-24T06:29:09","date_gmt":"2025-04-24T06:29:09","guid":{"rendered":"https:\/\/demo.bosathemes.com\/bosa\/veterinary-elementor\/?page_id=808"},"modified":"2026-01-21T17:50:22","modified_gmt":"2026-01-21T20:50:22","slug":"services","status":"publish","type":"page","link":"https:\/\/clinicapopularpoa.com\/portal\/services\/","title":{"rendered":"Servi\u00e7os"},"content":{"rendered":"<h2>Banho e tosa<\/h2>\n<p><img loading=\"lazy\" decoding=\"async\" src=\"https:\/\/demo.bosathemes.com\/bosa\/veterinary-care\/wp-content\/uploads\/sites\/167\/2025\/04\/image-4.jpg\" sizes=\"auto, (max-width: 500px) 100vw, 500px\" srcset=\"https:\/\/demo.bosathemes.com\/bosa\/veterinary-care\/wp-content\/uploads\/sites\/167\/2025\/04\/image-4.jpg 500w, https:\/\/demo.bosathemes.com\/bosa\/veterinary-care\/wp-content\/uploads\/sites\/167\/2025\/04\/image-4-300x300.jpg 300w, https:\/\/demo.bosathemes.com\/bosa\/veterinary-care\/wp-content\/uploads\/sites\/167\/2025\/04\/image-4-150x150.jpg 150w\" alt=\"\" width=\"500\" height=\"500\" \/><\/p>\n<h2>Atendimento veterin\u00e1rio<\/h2>\n<p><img loading=\"lazy\" decoding=\"async\" src=\"https:\/\/demo.bosathemes.com\/bosa\/veterinary-care\/wp-content\/uploads\/sites\/167\/2025\/04\/image-5.jpg\" sizes=\"auto, (max-width: 500px) 100vw, 500px\" srcset=\"https:\/\/demo.bosathemes.com\/bosa\/veterinary-care\/wp-content\/uploads\/sites\/167\/2025\/04\/image-5.jpg 500w, https:\/\/demo.bosathemes.com\/bosa\/veterinary-care\/wp-content\/uploads\/sites\/167\/2025\/04\/image-5-300x300.jpg 300w, https:\/\/demo.bosathemes.com\/bosa\/veterinary-care\/wp-content\/uploads\/sites\/167\/2025\/04\/image-5-150x150.jpg 150w\" alt=\"\" width=\"500\" height=\"500\" \/><\/p>\n<h2>Taxi PET<\/h2>\n<p><img loading=\"lazy\" decoding=\"async\" src=\"https:\/\/demo.bosathemes.com\/bosa\/veterinary-care\/wp-content\/uploads\/sites\/167\/2025\/04\/image-6.jpg\" sizes=\"auto, (max-width: 500px) 100vw, 500px\" srcset=\"https:\/\/demo.bosathemes.com\/bosa\/veterinary-care\/wp-content\/uploads\/sites\/167\/2025\/04\/image-6.jpg 500w, https:\/\/demo.bosathemes.com\/bosa\/veterinary-care\/wp-content\/uploads\/sites\/167\/2025\/04\/image-6-300x300.jpg 300w, https:\/\/demo.bosathemes.com\/bosa\/veterinary-care\/wp-content\/uploads\/sites\/167\/2025\/04\/image-6-150x150.jpg 150w\" alt=\"\" width=\"500\" height=\"500\" \/><\/p>\n<h2>Especialistas veterin\u00e1rios<\/h2>\n<p><img loading=\"lazy\" decoding=\"async\" src=\"https:\/\/demo.bosathemes.com\/bosa\/veterinary-care\/wp-content\/uploads\/sites\/167\/2025\/04\/image-7.jpg\" sizes=\"auto, (max-width: 500px) 100vw, 500px\" srcset=\"https:\/\/demo.bosathemes.com\/bosa\/veterinary-care\/wp-content\/uploads\/sites\/167\/2025\/04\/image-7.jpg 500w, https:\/\/demo.bosathemes.com\/bosa\/veterinary-care\/wp-content\/uploads\/sites\/167\/2025\/04\/image-7-300x300.jpg 300w, https:\/\/demo.bosathemes.com\/bosa\/veterinary-care\/wp-content\/uploads\/sites\/167\/2025\/04\/image-7-150x150.jpg 150w\" alt=\"\" width=\"500\" height=\"500\" \/><\/p>\n<h2>Interna\u00e7\u00e3o veterin\u00e1ria<\/h2>\n<p><img loading=\"lazy\" decoding=\"async\" src=\"https:\/\/demo.bosathemes.com\/bosa\/veterinary-care\/wp-content\/uploads\/sites\/167\/2025\/04\/image-16.jpg\" sizes=\"auto, (max-width: 500px) 100vw, 500px\" srcset=\"https:\/\/demo.bosathemes.com\/bosa\/veterinary-care\/wp-content\/uploads\/sites\/167\/2025\/04\/image-16.jpg 500w, https:\/\/demo.bosathemes.com\/bosa\/veterinary-care\/wp-content\/uploads\/sites\/167\/2025\/04\/image-16-300x300.jpg 300w, https:\/\/demo.bosathemes.com\/bosa\/veterinary-care\/wp-content\/uploads\/sites\/167\/2025\/04\/image-16-150x150.jpg 150w\" alt=\"\" width=\"500\" height=\"500\" \/><\/p>\n<h2>Ra\u00e7\u00f5es<\/h2>\n<p><img loading=\"lazy\" decoding=\"async\" src=\"https:\/\/demo.bosathemes.com\/bosa\/veterinary-care\/wp-content\/uploads\/sites\/167\/2025\/04\/image-17.jpg\" sizes=\"auto, (max-width: 500px) 100vw, 500px\" srcset=\"https:\/\/demo.bosathemes.com\/bosa\/veterinary-care\/wp-content\/uploads\/sites\/167\/2025\/04\/image-17.jpg 500w, https:\/\/demo.bosathemes.com\/bosa\/veterinary-care\/wp-content\/uploads\/sites\/167\/2025\/04\/image-17-300x300.jpg 300w, https:\/\/demo.bosathemes.com\/bosa\/veterinary-care\/wp-content\/uploads\/sites\/167\/2025\/04\/image-17-150x150.jpg 150w\" alt=\"\" width=\"500\" height=\"500\" \/><\/p>\n<h2>Exames de imagem<\/h2>\n<p><img loading=\"lazy\" decoding=\"async\" src=\"https:\/\/demo.bosathemes.com\/bosa\/veterinary-care\/wp-content\/uploads\/sites\/167\/2025\/04\/image-18.jpg\" sizes=\"auto, (max-width: 500px) 100vw, 500px\" srcset=\"https:\/\/demo.bosathemes.com\/bosa\/veterinary-care\/wp-content\/uploads\/sites\/167\/2025\/04\/image-18.jpg 500w, https:\/\/demo.bosathemes.com\/bosa\/veterinary-care\/wp-content\/uploads\/sites\/167\/2025\/04\/image-18-300x300.jpg 300w, https:\/\/demo.bosathemes.com\/bosa\/veterinary-care\/wp-content\/uploads\/sites\/167\/2025\/04\/image-18-150x150.jpg 150w\" alt=\"\" width=\"500\" height=\"500\" \/><\/p>\n<h2>Medicamentos veterin\u00e1rios<\/h2>\n<p><img loading=\"lazy\" decoding=\"async\" src=\"https:\/\/demo.bosathemes.com\/bosa\/veterinary-care\/wp-content\/uploads\/sites\/167\/2025\/04\/image-19.jpg\" sizes=\"auto, (max-width: 500px) 100vw, 500px\" srcset=\"https:\/\/demo.bosathemes.com\/bosa\/veterinary-care\/wp-content\/uploads\/sites\/167\/2025\/04\/image-19.jpg 500w, https:\/\/demo.bosathemes.com\/bosa\/veterinary-care\/wp-content\/uploads\/sites\/167\/2025\/04\/image-19-300x300.jpg 300w, https:\/\/demo.bosathemes.com\/bosa\/veterinary-care\/wp-content\/uploads\/sites\/167\/2025\/04\/image-19-150x150.jpg 150w\" alt=\"\" width=\"500\" height=\"500\" \/><\/p>\n","protected":false},"excerpt":{"rendered":"<p>Banho e tosa Atendimento veterin\u00e1rio Taxi PET Especialistas veterin\u00e1rios Interna\u00e7\u00e3o veterin\u00e1ria Ra\u00e7\u00f5es Exames de imagem Medicamentos veterin\u00e1rios<\/p>\n","protected":false},"author":1,"featured_media":0,"parent":0,"menu_order":0,"comment_status":"closed","ping_status":"closed","template":"elementor_header_footer","meta":{"footnotes":""},"class_list":["post-145","page","type-page","status-publish","hentry"],"_links":{"self":[{"href":"https:\/\/clinicapopularpoa.com\/portal\/wp-json\/wp\/v2\/pages\/145","targetHints":{"allow":["GET"]}}],"collection":[{"href":"https:\/\/clinicapopularpoa.com\/portal\/wp-json\/wp\/v2\/pages"}],"about":[{"href":"https:\/\/clinicapopularpoa.com\/portal\/wp-json\/wp\/v2\/types\/page"}],"author":[{"embeddable":true,"href":"https:\/\/clinicapopularpoa.com\/portal\/wp-json\/wp\/v2\/users\/1"}],"replies":[{"embeddable":true,"href":"https:\/\/clinicapopularpoa.com\/portal\/wp-json\/wp\/v2\/comments?post=145"}],"version-history":[{"count":3,"href":"https:\/\/clinicapopularpoa.com\/portal\/wp-json\/wp\/v2\/pages\/145\/revisions"}],"predecessor-version":[{"id":313,"href":"https:\/\/clinicapopularpoa.com\/portal\/wp-json\/wp\/v2\/pages\/145\/revisions\/313"}],"wp:attachment":[{"href":"https:\/\/clinicapopularpoa.com\/portal\/wp-json\/wp\/v2\/media?parent=145"}],"curies":[{"name":"wp","href":"https:\/\/api.w.org\/{rel}","templated":true}]}}