{"id":149,"date":"2025-04-24T05:45:32","date_gmt":"2025-04-24T05:45:32","guid":{"rendered":"https:\/\/demo.bosathemes.com\/bosa\/veterinary-elementor\/?page_id=750"},"modified":"2026-01-21T18:21:05","modified_gmt":"2026-01-21T21:21:05","slug":"contact-us","status":"publish","type":"page","link":"https:\/\/clinicapopularpoa.com\/portal\/contact-us\/","title":{"rendered":"Contato"},"content":{"rendered":"<p>Telefone<\/p>\n<p>051992850053<\/p>\n<p>51989124486<\/p>\n<p><i class=\"fa fa-bolt\"><\/i>\u00a0051 991157370<\/p>\n<h2>Nossa localiza\u00e7\u00e3o<\/h2>\n<p>Av. Bispo Jo\u00e3o scalabrini 290 &#8211; Jardim Planalto<\/p>\n<p>Porto Alegre &#8211; RS<\/p>\n<h2>Email<\/h2>\n<p>andreeug@gmail.com<\/p>\n<p>&nbsp;<\/p>\n<section>\n<form action=\"\/bosa\/veterinary-care\/wp-admin\/admin-ajax.php#wpcf7-f4-o1\" method=\"post\" novalidate=\"novalidate\" aria-label=\"Contact form\" data-status=\"init\"><input name=\"_wpcf7\" type=\"hidden\" value=\"4\" \/><br \/>\n<input name=\"_wpcf7_version\" type=\"hidden\" value=\"6.0.5\" \/><br \/>\n<input maxlength=\"400\" name=\"your-name\" size=\"40\" type=\"text\" value=\"Your Name\" aria-required=\"true\" aria-invalid=\"false\" \/><input maxlength=\"400\" name=\"your-email\" size=\"40\" type=\"email\" value=\"Your Email\" aria-required=\"true\" aria-invalid=\"false\" \/><\/form>\n<p><input maxlength=\"400\" name=\"your-subject\" size=\"40\" type=\"text\" value=\"Subject\" aria-required=\"true\" aria-invalid=\"false\" \/><\/p>\n<p><textarea cols=\"40\" maxlength=\"2000\" name=\"your-message\" rows=\"10\" aria-invalid=\"false\">Your Message (Optional)<\/textarea><\/p>\n<p><input type=\"submit\" value=\"Send Message\" \/><\/p>\n<\/section>\n","protected":false},"excerpt":{"rendered":"<p>Telefone 051992850053 51989124486 \u00a0051 991157370 Nossa localiza\u00e7\u00e3o Av. Bispo Jo\u00e3o scalabrini 290 &#8211; Jardim Planalto Porto Alegre &#8211; RS Email andreeug@gmail.com &nbsp; Your Message (Optional)<\/p>\n","protected":false},"author":1,"featured_media":0,"parent":0,"menu_order":0,"comment_status":"closed","ping_status":"closed","template":"elementor_header_footer","meta":{"footnotes":""},"class_list":["post-149","page","type-page","status-publish","hentry"],"_links":{"self":[{"href":"https:\/\/clinicapopularpoa.com\/portal\/wp-json\/wp\/v2\/pages\/149","targetHints":{"allow":["GET"]}}],"collection":[{"href":"https:\/\/clinicapopularpoa.com\/portal\/wp-json\/wp\/v2\/pages"}],"about":[{"href":"https:\/\/clinicapopularpoa.com\/portal\/wp-json\/wp\/v2\/types\/page"}],"author":[{"embeddable":true,"href":"https:\/\/clinicapopularpoa.com\/portal\/wp-json\/wp\/v2\/users\/1"}],"replies":[{"embeddable":true,"href":"https:\/\/clinicapopularpoa.com\/portal\/wp-json\/wp\/v2\/comments?post=149"}],"version-history":[{"count":3,"href":"https:\/\/clinicapopularpoa.com\/portal\/wp-json\/wp\/v2\/pages\/149\/revisions"}],"predecessor-version":[{"id":316,"href":"https:\/\/clinicapopularpoa.com\/portal\/wp-json\/wp\/v2\/pages\/149\/revisions\/316"}],"wp:attachment":[{"href":"https:\/\/clinicapopularpoa.com\/portal\/wp-json\/wp\/v2\/media?parent=149"}],"curies":[{"name":"wp","href":"https:\/\/api.w.org\/{rel}","templated":true}]}}