{"id":153,"date":"2025-04-23T10:59:03","date_gmt":"2025-04-23T10:59:03","guid":{"rendered":"https:\/\/demo.bosathemes.com\/bosa\/veterinary-elementor\/?page_id=674"},"modified":"2026-01-21T18:15:21","modified_gmt":"2026-01-21T21:15:21","slug":"about-us","status":"publish","type":"page","link":"https:\/\/clinicapopularpoa.com\/portal\/about-us\/","title":{"rendered":"Quem Somos"},"content":{"rendered":"<h5 class=\"post-title\">Clin\u00edca Veterin\u00e1ria Popular de Porto Alegre<\/h5>\n<p>A clinica tem trabalha com tr\u00eas PILARES: Tutor, Animal ( Pet), e empresa.<\/p>\n<p>Nosso objetivo de atender todos de uma forma justa.<\/p>\n<p>Estamos no mercado Pet a mais de 20 anos.<\/p>\n<p>Nossa equipe \u00e9 especializada e resolutiva, composta por profissionais multidisciplinares, comprometidos com a excel\u00eancia t\u00e9cnica e com o acolhimento dos nossos pacientes e de suas fam\u00edlias.<\/p>\n<p>Oferecemos consultas cl\u00ednicas e de especialistas, exames laboratoriais e de imagem, procedimentos, cirurgias, hospitaliza\u00e7\u00e3o em internamentos esp\u00e9cie-espec\u00edficos, entre outros servi\u00e7os.<\/p>\n<p><!-- .elementskit-card END --><\/p>\n","protected":false},"excerpt":{"rendered":"<p>Clin\u00edca Veterin\u00e1ria Popular de Porto Alegre A clinica tem trabalha com tr\u00eas PILARES: Tutor, Animal ( Pet), e empresa. Nosso objetivo de atender todos de uma forma justa. Estamos no mercado Pet a mais de 20 anos. Nossa equipe \u00e9 especializada e resolutiva, composta por profissionais multidisciplinares, comprometidos com a excel\u00eancia t\u00e9cnica e com o [&hellip;]<\/p>\n","protected":false},"author":1,"featured_media":0,"parent":0,"menu_order":0,"comment_status":"closed","ping_status":"closed","template":"elementor_header_footer","meta":{"footnotes":""},"class_list":["post-153","page","type-page","status-publish","hentry"],"_links":{"self":[{"href":"https:\/\/clinicapopularpoa.com\/portal\/wp-json\/wp\/v2\/pages\/153","targetHints":{"allow":["GET"]}}],"collection":[{"href":"https:\/\/clinicapopularpoa.com\/portal\/wp-json\/wp\/v2\/pages"}],"about":[{"href":"https:\/\/clinicapopularpoa.com\/portal\/wp-json\/wp\/v2\/types\/page"}],"author":[{"embeddable":true,"href":"https:\/\/clinicapopularpoa.com\/portal\/wp-json\/wp\/v2\/users\/1"}],"replies":[{"embeddable":true,"href":"https:\/\/clinicapopularpoa.com\/portal\/wp-json\/wp\/v2\/comments?post=153"}],"version-history":[{"count":2,"href":"https:\/\/clinicapopularpoa.com\/portal\/wp-json\/wp\/v2\/pages\/153\/revisions"}],"predecessor-version":[{"id":314,"href":"https:\/\/clinicapopularpoa.com\/portal\/wp-json\/wp\/v2\/pages\/153\/revisions\/314"}],"wp:attachment":[{"href":"https:\/\/clinicapopularpoa.com\/portal\/wp-json\/wp\/v2\/media?parent=153"}],"curies":[{"name":"wp","href":"https:\/\/api.w.org\/{rel}","templated":true}]}}